{"id":1123,"date":"2019-03-12T02:44:07","date_gmt":"2019-03-12T01:44:07","guid":{"rendered":"http:\/\/chamalots.com\/?page_id=1123"},"modified":"2023-09-19T09:47:28","modified_gmt":"2023-09-19T07:47:28","slug":"contact-2","status":"publish","type":"page","link":"https:\/\/chamalots.com\/index.php\/contact-2\/","title":{"rendered":"Contact"},"content":{"rendered":"[et_pb_section fb_built=&#8221;1&#8243; admin_label=&#8221;Services Section&#8221; _builder_version=&#8221;3.17.5&#8243; background_color=&#8221;#232220&#8243; custom_padding=&#8221;15px|0px|15px|0px|true|false&#8221;][et_pb_row custom_padding=&#8221;76px|0px|61px|0px|false|false&#8221; _builder_version=&#8221;3.19.18&#8243;][et_pb_column type=&#8221;4_4&#8243; _builder_version=&#8221;3.3&#8243; parallax=&#8221;off&#8221; parallax_method=&#8221;on&#8221;][et_pb_text _builder_version=&#8221;3.17.5&#8243; text_font=&#8221;Comfortaa|700||on|||||&#8221; text_font_size=&#8221;55px&#8221; header_font=&#8221;Comfortaa|800|||||||&#8221;]\n<p style=\"text-align: center;\"><span color=\"rgba(255, 165, 0, 0.741176470588235)\" style=\"color: rgba(255, 165, 0, 0.74);\"><b>Contact<\/b><\/span><\/p>\n[\/et_pb_text][\/et_pb_column][\/et_pb_row][et_pb_row custom_padding=&#8221;31px|0|31px|0px|true|false&#8221; _builder_version=&#8221;3.17.5&#8243;][et_pb_column type=&#8221;1_2&#8243; _builder_version=&#8221;3.17.5&#8243; parallax=&#8221;off&#8221; parallax_method=&#8221;on&#8221;][et_pb_text _builder_version=&#8221;3.17.5&#8243; text_font=&#8221;Comfortaa|700|||||||&#8221; text_text_color=&#8221;#ffffff&#8221; text_font_size=&#8221;24px&#8221; text_line_height=&#8221;1.8em&#8221;]\n<p style=\"text-align: center;\">Nos coordonn\u00e9es:<\/p>\n<p style=\"text-align: center;\"><span style=\"color: #e09900; font-size: xx-large;\">Pension f\u00e9line<br \/> <\/span><span style=\"color: #e09900; font-size: xx-large;\">&#8220;Les Chamalots&#8221;<\/span><br \/> V\u00e9ronique\u00a0 MALOT<br \/> 6 Avenue L\u00e9on Jouhaux<br \/> 42100 Saint-Etienne<br \/> T\u00e9l\u00e9phone: 06 77 11 91 35<br \/> Contact e-mail: contact@chamalots.com<\/p>\n[\/et_pb_text][\/et_pb_column][et_pb_column type=&#8221;1_2&#8243; _builder_version=&#8221;3.17.5&#8243; parallax=&#8221;off&#8221; parallax_method=&#8221;on&#8221;][et_pb_code _builder_version=&#8221;3.17.5&#8243;]\n<div style=\"width: 700px;position: relative;\"><iframe width=\"510\" height=\"350\" src=\"https:\/\/maps.google.com\/maps?width=700&#038;height=350&#038;hl=en&#038;q=6%20avenue%20l%C3%A9on%20jouhoux+(Les%20Chamalots%20-%20Pension%20f%C3%A9line)&#038;ie=UTF8&#038;t=&#038;z=14&#038;iwloc=B&#038;output=embed\" frameborder=\"0\" scrolling=\"no\" marginheight=\"0\" marginwidth=\"0\"><\/iframe><\/p>\n<div style=\"position: absolute;width: 80%;bottom: 10px;left: 0;right: 0;margin-left: auto;margin-right: auto;color: #000;text-align: center;\"><small style=\"line-height: 1.8;font-size: 2px;background: #fff;\">Powered by <a href=\"http:\/\/www.googlemapsgenerator.com\/ja\/\">Googlemapsgenerator.com\/ja\/<\/a> &#038; <a href=\"https:\/\/opwaarderenlebara.nl\/activeer-simkaart-lebara-mobile\/\">https:\/\/opwaarderenlebara.nl\/activeer-simkaart-lebara-mobile\/<\/a><\/small><\/div>\n<style>#gmap_canvas img{max-width:none!important;background:none!important}<\/style>\n<\/div>\n[\/et_pb_code][\/et_pb_column][\/et_pb_row][et_pb_row _builder_version=&#8221;3.17.5&#8243;][et_pb_column type=&#8221;4_4&#8243; _builder_version=&#8221;3.17.5&#8243; parallax=&#8221;off&#8221; parallax_method=&#8221;on&#8221;][et_pb_text _builder_version=&#8221;3.17.5&#8243; text_font=&#8221;Comfortaa|700|||||||&#8221; text_text_color=&#8221;#ffffff&#8221; text_font_size=&#8221;27px&#8221; text_line_height=&#8221;1.8em&#8221;]\n<p style=\"text-align: center;\">Pension ouverte toute l&#8217;ann\u00e9e<br \/>Horaires d&#8217;ouverture UNIQUEMENT sur RENDEZ-VOUS<\/p>\n[\/et_pb_text][\/et_pb_column][\/et_pb_row][et_pb_row custom_padding=&#8221;1px|0px|0|0px|false|false&#8221; _builder_version=&#8221;3.17.5&#8243;][et_pb_column type=&#8221;4_4&#8243; _builder_version=&#8221;3.17.5&#8243; parallax=&#8221;off&#8221; parallax_method=&#8221;on&#8221;][et_pb_text _builder_version=&#8221;3.17.5&#8243; text_font=&#8221;Comfortaa|700|||||||&#8221; text_text_color=&#8221;#ffffff&#8221; text_font_size=&#8221;20px&#8221;]\n<table style=\"width: 656px; margin-left: auto; margin-right: auto;\" height=\"116\">\n<tbody>\n<tr>\n<td style=\"width: 655px; text-align: left;\">Du Lundi au Vendredi\u00a0\u00a0 \u00a0 <span style=\"color: #e09900;\">De 9h30 \u00e0 12h00 et de 14h30 \u00e0 18h<br \/><\/span><\/td>\n<\/tr>\n<tr>\n<td style=\"width: 655px; text-align: left;\">Samedi\u00a0 \u00a0 \u00a0 \u00a0 \u00a0 \u00a0 \u00a0 \u00a0 \u00a0 \u00a0 \u00a0 \u00a0 \u00a0 \u00a0 \u00a0 \u00a0 \u00a0 \u00a0 \u00a0 \u00a0 \u00a0 \u00a0 \u00a0 \u00a0 \u00a0 \u00a0 \u00a0 \u00a0 \u00a0\u00a0 \u00a0 <span style=\"color: #e09900;\">De 9h30 \u00e0 12h00<\/span><\/td>\n<\/tr>\n<\/tbody>\n<\/table>\n<p style=\"text-align: center;\">\n[\/et_pb_text][\/et_pb_column][\/et_pb_row][et_pb_row custom_padding=&#8221;0|0px|27px|0px|false|false&#8221; _builder_version=&#8221;3.17.5&#8243;][et_pb_column type=&#8221;4_4&#8243; _builder_version=&#8221;3.17.5&#8243; parallax=&#8221;off&#8221; parallax_method=&#8221;on&#8221;][et_pb_text _builder_version=&#8221;3.17.5&#8243; text_font=&#8221;Comfortaa|700|||||||&#8221; text_text_color=&#8221;#ffffff&#8221; text_font_size=&#8221;20px&#8221;]\n<table width=\"980\" height=\"37\">\n<tbody>\n<tr>\n<td style=\"width: 1079px;\">\n<p style=\"text-align: center;\">Les Dimanches et jours f\u00e9ri\u00e9s la pension est ferm\u00e9e.<\/p>\n<p style=\"text-align: center;\">Avant de remplir un d\u00e9finitivement un contrat, merci de bien vouloir contacter la pension par\u00a0 t\u00e9l\u00e9phone. Aucun contrat ne sera valid\u00e9 sans contact t\u00e9l\u00e9phonique pr\u00e9alable.<\/p>\n<\/td>\n<\/tr>\n<\/tbody>\n<\/table>\n<p>&nbsp;<\/p>\n[\/et_pb_text][\/et_pb_column][\/et_pb_row][et_pb_row custom_padding=&#8221;27px|0px|102px|0px|false|false&#8221; _builder_version=&#8221;3.17.5&#8243;][et_pb_column type=&#8221;4_4&#8243; _builder_version=&#8221;3.17.5&#8243; parallax=&#8221;off&#8221; parallax_method=&#8221;on&#8221;][et_pb_text _builder_version=&#8221;3.17.5&#8243; text_font=&#8221;Comfortaa|700||on|||||&#8221; text_font_size=&#8221;59px&#8221;]\n<p style=\"text-align: center;\"><span color=\"rgba(255, 165, 0, 0.741176470588235)\" style=\"color: rgba(255, 165, 0, 0.74);\"><b>Nos Partenaires<\/b><\/span><\/p>\n[\/et_pb_text][\/et_pb_column][\/et_pb_row][et_pb_row custom_padding=&#8221;27px|0px|27px|15px|false|false&#8221; _builder_version=&#8221;3.17.5&#8243;][et_pb_column type=&#8221;1_5&#8243; _builder_version=&#8221;3.17.5&#8243; parallax=&#8221;off&#8221; parallax_method=&#8221;on&#8221;][et_pb_blurb title=&#8221;Pension poils et Pattes&#8221; image=&#8221;http:\/\/chamalots.com\/wp-content\/uploads\/2019\/03\/3624b328-2d0b-42f0-92d0-cbff8e2641f3.jpg&#8221; _builder_version=&#8221;3.17.5&#8243; header_font=&#8221;Oswald|||on|||||&#8221; header_text_align=&#8221;center&#8221; header_text_color=&#8221;rgba(255,165,0,0.74)&#8221; header_font_size=&#8221;16px&#8221; header_letter_spacing=&#8221;2px&#8221; header_line_height=&#8221;1.7em&#8221; body_font=&#8221;Comfortaa||||||||&#8221; body_font_size=&#8221;16px&#8221; body_line_height=&#8221;1.9em&#8221; border_radii_image=&#8221;on|8px|8px|8px|8px&#8221; box_shadow_style_image=&#8221;preset3&#8243; box_shadow_vertical_image=&#8221;40px&#8221; box_shadow_blur_image=&#8221;60px&#8221; box_shadow_spread_image=&#8221;-35px&#8221; animation_style=&#8221;fade&#8221; animation=&#8221;off&#8221; link_option_url=&#8221;http:\/\/www.chezpp.com\/&#8221;][\/et_pb_blurb][\/et_pb_column][et_pb_column type=&#8221;1_5&#8243; _builder_version=&#8221;3.17.5&#8243; parallax=&#8221;off&#8221; parallax_method=&#8221;on&#8221;][et_pb_blurb title=&#8221;De fil en argile&#8221; url=&#8221;http:\/\/de-fil-en-argile.fr\/&#8221; image=&#8221;http:\/\/chamalots.com\/wp-content\/uploads\/2019\/03\/IMG_2154-768&#215;1024-1.jpg&#8221; _builder_version=&#8221;3.17.5&#8243; header_font=&#8221;Oswald|||on|||||&#8221; header_text_align=&#8221;center&#8221; header_text_color=&#8221;rgba(255,165,0,0.74)&#8221; header_font_size=&#8221;16px&#8221; header_letter_spacing=&#8221;2px&#8221; header_line_height=&#8221;1.7em&#8221; body_font=&#8221;Comfortaa||||||||&#8221; body_font_size=&#8221;16px&#8221; body_line_height=&#8221;1.9em&#8221; border_radii_image=&#8221;on|8px|8px|8px|8px&#8221; box_shadow_style_image=&#8221;preset3&#8243; box_shadow_vertical_image=&#8221;40px&#8221; box_shadow_blur_image=&#8221;60px&#8221; box_shadow_spread_image=&#8221;-35px&#8221; animation_style=&#8221;fade&#8221; animation=&#8221;off&#8221;][\/et_pb_blurb][\/et_pb_column][et_pb_column type=&#8221;1_5&#8243; _builder_version=&#8221;3.17.5&#8243; parallax=&#8221;off&#8221; parallax_method=&#8221;on&#8221;][\/et_pb_column][et_pb_column type=&#8221;1_5&#8243; _builder_version=&#8221;3.17.5&#8243; parallax=&#8221;off&#8221; parallax_method=&#8221;on&#8221;][et_pb_blurb title=&#8221;Les pattounes libres&#8221; image=&#8221;http:\/\/chamalots.com\/wp-content\/uploads\/2019\/03\/12573665_930387260386090_7981920791799940950_n.jpg&#8221; _builder_version=&#8221;3.17.5&#8243; header_font=&#8221;Oswald|||on|||||&#8221; header_text_align=&#8221;center&#8221; header_text_color=&#8221;rgba(255,165,0,0.74)&#8221; header_font_size=&#8221;16px&#8221; header_letter_spacing=&#8221;2px&#8221; header_line_height=&#8221;1.7em&#8221; body_font=&#8221;Comfortaa||||||||&#8221; body_font_size=&#8221;16px&#8221; body_line_height=&#8221;1.9em&#8221; border_radii_image=&#8221;on|8px|8px|8px|8px&#8221; box_shadow_style_image=&#8221;preset3&#8243; box_shadow_vertical_image=&#8221;40px&#8221; box_shadow_blur_image=&#8221;60px&#8221; box_shadow_spread_image=&#8221;-35px&#8221; animation_style=&#8221;fade&#8221; animation=&#8221;off&#8221; link_option_url=&#8221;https:\/\/les-pattounes-libres.webnode.fr\/&#8221;][\/et_pb_blurb][\/et_pb_column][et_pb_column type=&#8221;1_5&#8243; _builder_version=&#8221;3.17.5&#8243; parallax=&#8221;off&#8221; parallax_method=&#8221;on&#8221;][et_pb_blurb title=&#8221;Pension Happy cat&#8221; image=&#8221;http:\/\/chamalots.com\/wp-content\/uploads\/2019\/03\/9epun-harley_6_mois.jpg&#8221; _builder_version=&#8221;3.17.5&#8243; header_font=&#8221;Oswald|||on|||||&#8221; header_text_align=&#8221;center&#8221; header_text_color=&#8221;rgba(255,165,0,0.74)&#8221; header_font_size=&#8221;16px&#8221; header_letter_spacing=&#8221;2px&#8221; header_line_height=&#8221;1.7em&#8221; body_font=&#8221;Comfortaa||||||||&#8221; body_font_size=&#8221;16px&#8221; body_line_height=&#8221;1.9em&#8221; border_radii_image=&#8221;on|8px|8px|8px|8px&#8221; box_shadow_style_image=&#8221;preset3&#8243; box_shadow_vertical_image=&#8221;40px&#8221; box_shadow_blur_image=&#8221;60px&#8221; box_shadow_spread_image=&#8221;-35px&#8221; animation_style=&#8221;fade&#8221; animation=&#8221;off&#8221; link_option_url=&#8221;http:\/\/www.pensionchatiserehappycats.fr\/#ACCUEIL.A&#8221;][\/et_pb_blurb][\/et_pb_column][\/et_pb_row][et_pb_row _builder_version=&#8221;3.17.5&#8243;][et_pb_column type=&#8221;1_5&#8243; _builder_version=&#8221;3.17.5&#8243; parallax=&#8221;off&#8221; parallax_method=&#8221;on&#8221;][\/et_pb_column][et_pb_column type=&#8221;1_5&#8243; _builder_version=&#8221;3.17.5&#8243; parallax=&#8221;off&#8221; parallax_method=&#8221;on&#8221;][et_pb_blurb title=&#8221;                                                       Clinique V\u00e9t\u00e9rinaire de villars&#8221; image=&#8221;http:\/\/chamalots.com\/wp-content\/uploads\/2019\/04\/Plan-de-travail-1-100-1.jpg&#8221; _builder_version=&#8221;3.17.5&#8243; header_font=&#8221;Oswald|||on|||||&#8221; header_text_align=&#8221;center&#8221; header_text_color=&#8221;rgba(255,165,0,0.74)&#8221; header_font_size=&#8221;16px&#8221; header_letter_spacing=&#8221;2px&#8221; header_line_height=&#8221;1.7em&#8221; body_font=&#8221;Comfortaa||||||||&#8221; body_font_size=&#8221;16px&#8221; body_line_height=&#8221;1.9em&#8221; border_radii_image=&#8221;on|8px|8px|8px|8px&#8221; box_shadow_style_image=&#8221;preset3&#8243; box_shadow_vertical_image=&#8221;40px&#8221; box_shadow_blur_image=&#8221;60px&#8221; box_shadow_spread_image=&#8221;-35px&#8221; animation_style=&#8221;fade&#8221; animation=&#8221;off&#8221; link_option_url=&#8221;http:\/\/www.cliniqueveterinairedelespoir.com\/&#8221;][\/et_pb_blurb][\/et_pb_column][et_pb_column type=&#8221;1_5&#8243; _builder_version=&#8221;3.17.5&#8243; parallax=&#8221;off&#8221; parallax_method=&#8221;on&#8221;][\/et_pb_column][et_pb_column type=&#8221;1_5&#8243; _builder_version=&#8221;3.17.5&#8243; parallax=&#8221;off&#8221; parallax_method=&#8221;on&#8221;][et_pb_blurb title=&#8221;Mutlu DEsign &#038; Webmaster&#8221; image=&#8221;http:\/\/chamalots.com\/wp-content\/uploads\/2019\/04\/Plan-de-travail-1-100.jpg&#8221; _builder_version=&#8221;3.17.5&#8243; header_font=&#8221;Oswald|||on|||||&#8221; header_text_align=&#8221;center&#8221; header_text_color=&#8221;rgba(255,165,0,0.74)&#8221; header_font_size=&#8221;16px&#8221; header_letter_spacing=&#8221;2px&#8221; header_line_height=&#8221;1.7em&#8221; body_font=&#8221;Comfortaa||||||||&#8221; body_font_size=&#8221;16px&#8221; body_line_height=&#8221;1.9em&#8221; border_radii_image=&#8221;on|8px|8px|8px|8px&#8221; box_shadow_style_image=&#8221;preset3&#8243; box_shadow_vertical_image=&#8221;40px&#8221; box_shadow_blur_image=&#8221;60px&#8221; box_shadow_spread_image=&#8221;-35px&#8221; animation_style=&#8221;fade&#8221; animation=&#8221;off&#8221; link_option_url=&#8221;https:\/\/www.facebook.com\/mutlu.ozdemir.526&#8243;][\/et_pb_blurb][\/et_pb_column][et_pb_column type=&#8221;1_5&#8243; _builder_version=&#8221;3.17.5&#8243; parallax=&#8221;off&#8221; parallax_method=&#8221;on&#8221;][\/et_pb_column][\/et_pb_row][\/et_pb_section]\n","protected":false},"excerpt":{"rendered":"<p>[et_pb_section fb_built=&#8221;1&#8243; admin_label=&#8221;Services Section&#8221; _builder_version=&#8221;3.17.5&#8243; background_color=&#8221;#232220&#8243; custom_padding=&#8221;15px|0px|15px|0px|true|false&#8221;][et_pb_row custom_padding=&#8221;76px|0px|61px|0px|false|false&#8221; _builder_version=&#8221;3.19.18&#8243;][et_pb_column type=&#8221;4_4&#8243; _builder_version=&#8221;3.3&#8243; parallax=&#8221;off&#8221; parallax_method=&#8221;on&#8221;][et_pb_text _builder_version=&#8221;3.17.5&#8243; text_font=&#8221;Comfortaa|700||on|||||&#8221; text_font_size=&#8221;55px&#8221; header_font=&#8221;Comfortaa|800|||||||&#8221;] Contact [\/et_pb_text][\/et_pb_column][\/et_pb_row][et_pb_row custom_padding=&#8221;31px|0|31px|0px|true|false&#8221; _builder_version=&#8221;3.17.5&#8243;][et_pb_column type=&#8221;1_2&#8243; _builder_version=&#8221;3.17.5&#8243; parallax=&#8221;off&#8221; parallax_method=&#8221;on&#8221;][et_pb_text _builder_version=&#8221;3.17.5&#8243; text_font=&#8221;Comfortaa|700|||||||&#8221; text_text_color=&#8221;#ffffff&#8221; text_font_size=&#8221;24px&#8221; text_line_height=&#8221;1.8em&#8221;] Nos coordonn\u00e9es: Pension f\u00e9line &#8220;Les Chamalots&#8221; V\u00e9ronique\u00a0 MALOT 6 Avenue L\u00e9on Jouhaux 42100 Saint-Etienne T\u00e9l\u00e9phone: 06 77 11 91 35 Contact e-mail: contact@chamalots.com [\/et_pb_text][\/et_pb_column][et_pb_column type=&#8221;1_2&#8243; [&hellip;]<\/p>\n","protected":false},"author":1,"featured_media":0,"parent":0,"menu_order":0,"comment_status":"closed","ping_status":"closed","template":"","meta":[],"_links":{"self":[{"href":"https:\/\/chamalots.com\/index.php\/wp-json\/wp\/v2\/pages\/1123"}],"collection":[{"href":"https:\/\/chamalots.com\/index.php\/wp-json\/wp\/v2\/pages"}],"about":[{"href":"https:\/\/chamalots.com\/index.php\/wp-json\/wp\/v2\/types\/page"}],"author":[{"embeddable":true,"href":"https:\/\/chamalots.com\/index.php\/wp-json\/wp\/v2\/users\/1"}],"replies":[{"embeddable":true,"href":"https:\/\/chamalots.com\/index.php\/wp-json\/wp\/v2\/comments?post=1123"}],"version-history":[{"count":42,"href":"https:\/\/chamalots.com\/index.php\/wp-json\/wp\/v2\/pages\/1123\/revisions"}],"predecessor-version":[{"id":2245,"href":"https:\/\/chamalots.com\/index.php\/wp-json\/wp\/v2\/pages\/1123\/revisions\/2245"}],"wp:attachment":[{"href":"https:\/\/chamalots.com\/index.php\/wp-json\/wp\/v2\/media?parent=1123"}],"curies":[{"name":"wp","href":"https:\/\/api.w.org\/{rel}","templated":true}]}}